{"id":23,"date":"2019-11-01T12:22:21","date_gmt":"2019-11-01T11:22:21","guid":{"rendered":"https:\/\/publicworkers.net\/?page_id=23"},"modified":"2020-04-21T12:12:33","modified_gmt":"2020-04-21T10:12:33","slug":"p2","status":"publish","type":"page","link":"https:\/\/publicworkers.net\/de\/p2\/","title":{"rendered":"wer sind wir"},"content":{"rendered":"<p>Wir sind eine Interimsgruppe, die sich entschlossen hat, der gegenw\u00e4rtigen Situation von Prekarit\u00e4t und Krise standzuhalten. Wir sind Menschen, die mit Gewerkschaften verbunden sind, und Menschen, die es nicht sind, aber wir sind bereit, bis zum Tod daf\u00fcr zu k\u00e4mpfen, respektiert zu werden, f\u00fcr uns und f\u00fcr die Arbeit, die wir seit Jahren leisten. Es ist nicht unser Problem, dass die spanische Regierung alle Grenzen \u00fcberschritten hat. Wir sind Angestellte des \u00f6ffentlichen Dienstes, die eintreten, ich erf\u00fclle alle Anforderungen, die das Gesetz verlangt, und viele nehmen mehr als zwanzig Jahre Opferdienst in den schwierigsten Positionen in Anspruch.<\/p>","protected":false},"excerpt":{"rendered":"<p>Wir sind eine Interimsgruppe, die sich entschlossen hat, der gegenw\u00e4rtigen Situation von Prekarit\u00e4t und Krise standzuhalten. Wir sind Menschen, die mit Gewerkschaften verbunden sind, und Menschen, die es nicht sind, &hellip;<\/p>\n","protected":false},"author":1,"featured_media":0,"parent":0,"menu_order":0,"comment_status":"closed","ping_status":"closed","template":"","meta":{"footnotes":""},"class_list":["post-23","page","type-page","status-publish","hentry"],"jetpack_sharing_enabled":true,"jetpack_likes_enabled":true,"_links":{"self":[{"href":"https:\/\/publicworkers.net\/de\/wp-json\/wp\/v2\/pages\/23","targetHints":{"allow":["GET"]}}],"collection":[{"href":"https:\/\/publicworkers.net\/de\/wp-json\/wp\/v2\/pages"}],"about":[{"href":"https:\/\/publicworkers.net\/de\/wp-json\/wp\/v2\/types\/page"}],"author":[{"embeddable":true,"href":"https:\/\/publicworkers.net\/de\/wp-json\/wp\/v2\/users\/1"}],"replies":[{"embeddable":true,"href":"https:\/\/publicworkers.net\/de\/wp-json\/wp\/v2\/comments?post=23"}],"version-history":[{"count":8,"href":"https:\/\/publicworkers.net\/de\/wp-json\/wp\/v2\/pages\/23\/revisions"}],"predecessor-version":[{"id":216,"href":"https:\/\/publicworkers.net\/de\/wp-json\/wp\/v2\/pages\/23\/revisions\/216"}],"wp:attachment":[{"href":"https:\/\/publicworkers.net\/de\/wp-json\/wp\/v2\/media?parent=23"}],"curies":[{"name":"wp","href":"https:\/\/api.w.org\/{rel}","templated":true}]}}