{"id":25,"date":"2019-11-01T12:22:50","date_gmt":"2019-11-01T11:22:50","guid":{"rendered":"https:\/\/publicworkers.net\/?page_id=25"},"modified":"2020-04-21T11:41:25","modified_gmt":"2020-04-21T09:41:25","slug":"p3","status":"publish","type":"page","link":"https:\/\/publicworkers.net\/de\/p3\/","title":{"rendered":"Wonach wir suchen"},"content":{"rendered":"<p>Diese Gerechtigkeit soll denen zuteil werden, die jahrelange Dienstjahre hinter sich haben und nun ohne Mindestentsch\u00e4digung, ohne M\u00f6glichkeiten, nach Alter oder durch die Spezialisierung, leicht wieder aufgenommen zu werden, entlassen werden. Dar\u00fcber hinaus sind es in der Zwischenzeit meist Frauen, M\u00fctter von Familien, mit dem zus\u00e4tzlichen Problem, das dies mit sich bringt.<\/p>","protected":false},"excerpt":{"rendered":"<p>Diese Gerechtigkeit soll denen zuteil werden, die jahrelange Dienstjahre hinter sich haben und nun ohne Mindestentsch\u00e4digung, ohne M\u00f6glichkeiten, nach Alter oder durch die Spezialisierung, leicht wieder aufgenommen zu werden, entlassen &hellip;<\/p>\n","protected":false},"author":1,"featured_media":0,"parent":0,"menu_order":0,"comment_status":"closed","ping_status":"closed","template":"","meta":{"footnotes":""},"class_list":["post-25","page","type-page","status-publish","hentry"],"jetpack_sharing_enabled":true,"jetpack_likes_enabled":true,"_links":{"self":[{"href":"https:\/\/publicworkers.net\/de\/wp-json\/wp\/v2\/pages\/25","targetHints":{"allow":["GET"]}}],"collection":[{"href":"https:\/\/publicworkers.net\/de\/wp-json\/wp\/v2\/pages"}],"about":[{"href":"https:\/\/publicworkers.net\/de\/wp-json\/wp\/v2\/types\/page"}],"author":[{"embeddable":true,"href":"https:\/\/publicworkers.net\/de\/wp-json\/wp\/v2\/users\/1"}],"replies":[{"embeddable":true,"href":"https:\/\/publicworkers.net\/de\/wp-json\/wp\/v2\/comments?post=25"}],"version-history":[{"count":6,"href":"https:\/\/publicworkers.net\/de\/wp-json\/wp\/v2\/pages\/25\/revisions"}],"predecessor-version":[{"id":214,"href":"https:\/\/publicworkers.net\/de\/wp-json\/wp\/v2\/pages\/25\/revisions\/214"}],"wp:attachment":[{"href":"https:\/\/publicworkers.net\/de\/wp-json\/wp\/v2\/media?parent=25"}],"curies":[{"name":"wp","href":"https:\/\/api.w.org\/{rel}","templated":true}]}}