{"id":29,"date":"2019-11-01T12:27:41","date_gmt":"2019-11-01T11:27:41","guid":{"rendered":"https:\/\/publicworkers.net\/?page_id=29"},"modified":"2020-04-21T11:37:26","modified_gmt":"2020-04-21T09:37:26","slug":"p4","status":"publish","type":"page","link":"https:\/\/publicworkers.net\/de\/p4\/","title":{"rendered":"Wie k\u00f6nnen Sie uns helfen?"},"content":{"rendered":"<p>Dies ist jedermanns Kampf, treten Sie der Liste bei, die Ihre Situation anprangert. Sprechen Sie mit Ihrem Anwalt, wenn Sie es haben, machen Sie Ihr Problem \u00f6ffentlich und arbeiten Sie bei Aktivit\u00e4ten mit anderen vor\u00fcbergehend zusammen, um Sichtbarkeit zu erlangen. Lass es nicht f\u00fcr morgen, denn du wirst nicht p\u00fcnktlich sein.<\/p>","protected":false},"excerpt":{"rendered":"<p>Dies ist jedermanns Kampf, treten Sie der Liste bei, die Ihre Situation anprangert. Sprechen Sie mit Ihrem Anwalt, wenn Sie es haben, machen Sie Ihr Problem \u00f6ffentlich und arbeiten Sie &hellip;<\/p>\n","protected":false},"author":1,"featured_media":0,"parent":0,"menu_order":0,"comment_status":"closed","ping_status":"closed","template":"","meta":{"footnotes":""},"class_list":["post-29","page","type-page","status-publish","hentry"],"jetpack_sharing_enabled":true,"jetpack_likes_enabled":true,"_links":{"self":[{"href":"https:\/\/publicworkers.net\/de\/wp-json\/wp\/v2\/pages\/29","targetHints":{"allow":["GET"]}}],"collection":[{"href":"https:\/\/publicworkers.net\/de\/wp-json\/wp\/v2\/pages"}],"about":[{"href":"https:\/\/publicworkers.net\/de\/wp-json\/wp\/v2\/types\/page"}],"author":[{"embeddable":true,"href":"https:\/\/publicworkers.net\/de\/wp-json\/wp\/v2\/users\/1"}],"replies":[{"embeddable":true,"href":"https:\/\/publicworkers.net\/de\/wp-json\/wp\/v2\/comments?post=29"}],"version-history":[{"count":4,"href":"https:\/\/publicworkers.net\/de\/wp-json\/wp\/v2\/pages\/29\/revisions"}],"predecessor-version":[{"id":213,"href":"https:\/\/publicworkers.net\/de\/wp-json\/wp\/v2\/pages\/29\/revisions\/213"}],"wp:attachment":[{"href":"https:\/\/publicworkers.net\/de\/wp-json\/wp\/v2\/media?parent=29"}],"curies":[{"name":"wp","href":"https:\/\/api.w.org\/{rel}","templated":true}]}}