{"id":23,"date":"2019-11-01T12:22:21","date_gmt":"2019-11-01T11:22:21","guid":{"rendered":"https:\/\/publicworkers.net\/?page_id=23"},"modified":"2020-04-21T12:12:33","modified_gmt":"2020-04-21T10:12:33","slug":"p2","status":"publish","type":"page","link":"https:\/\/publicworkers.net\/fr\/p2\/","title":{"rendered":"qui sommes nous"},"content":{"rendered":"<p>Nous sommes un groupe int\u00e9rimaire qui avons d\u00e9cid\u00e9 de r\u00e9sister \u00e0 la situation actuelle de pr\u00e9carit\u00e9 et de crise. Nous sommes des personnes affili\u00e9es \u00e0 des syndicats et des personnes qui ne le sont pas, mais nous sommes pr\u00eats \u00e0 nous battre jusqu&rsquo;\u00e0 la mort pour \u00eatre respect\u00e9s, pour nous et pour le travail que nous accomplissons depuis des ann\u00e9es. Ce n\u2019est pas notre probl\u00e8me que l\u2019administration espagnole ait franchi toutes les limites. Nous sommes des travailleurs publics qui entrent, je remplis toutes les conditions requises par la loi, et beaucoup prennent plus de vingt ans de service sacrifi\u00e9, dans les positions les plus difficiles.<\/p>","protected":false},"excerpt":{"rendered":"<p>Nous sommes un groupe int\u00e9rimaire qui avons d\u00e9cid\u00e9 de r\u00e9sister \u00e0 la situation actuelle de pr\u00e9carit\u00e9 et de crise. Nous sommes des personnes affili\u00e9es \u00e0 des syndicats et des personnes &hellip;<\/p>\n","protected":false},"author":1,"featured_media":0,"parent":0,"menu_order":0,"comment_status":"closed","ping_status":"closed","template":"","meta":{"footnotes":""},"class_list":["post-23","page","type-page","status-publish","hentry"],"jetpack_sharing_enabled":true,"jetpack_likes_enabled":true,"_links":{"self":[{"href":"https:\/\/publicworkers.net\/fr\/wp-json\/wp\/v2\/pages\/23","targetHints":{"allow":["GET"]}}],"collection":[{"href":"https:\/\/publicworkers.net\/fr\/wp-json\/wp\/v2\/pages"}],"about":[{"href":"https:\/\/publicworkers.net\/fr\/wp-json\/wp\/v2\/types\/page"}],"author":[{"embeddable":true,"href":"https:\/\/publicworkers.net\/fr\/wp-json\/wp\/v2\/users\/1"}],"replies":[{"embeddable":true,"href":"https:\/\/publicworkers.net\/fr\/wp-json\/wp\/v2\/comments?post=23"}],"version-history":[{"count":8,"href":"https:\/\/publicworkers.net\/fr\/wp-json\/wp\/v2\/pages\/23\/revisions"}],"predecessor-version":[{"id":216,"href":"https:\/\/publicworkers.net\/fr\/wp-json\/wp\/v2\/pages\/23\/revisions\/216"}],"wp:attachment":[{"href":"https:\/\/publicworkers.net\/fr\/wp-json\/wp\/v2\/media?parent=23"}],"curies":[{"name":"wp","href":"https:\/\/api.w.org\/{rel}","templated":true}]}}