{"id":25,"date":"2019-11-01T12:22:50","date_gmt":"2019-11-01T11:22:50","guid":{"rendered":"https:\/\/publicworkers.net\/?page_id=25"},"modified":"2020-04-21T11:41:25","modified_gmt":"2020-04-21T09:41:25","slug":"p3","status":"publish","type":"page","link":"https:\/\/publicworkers.net\/fr\/p3\/","title":{"rendered":"Ce que nous recherchons"},"content":{"rendered":"<p><span class=\"tlid-translation translation\" lang=\"fr\"><span class=\"\" title=\"\">Que justice soit rendue \u00e0 ceux qui ont d\u00e9velopp\u00e9 des ann\u00e9es de service et qui sont maintenant licenci\u00e9s, sans indemnit\u00e9 minimale, sans possibilit\u00e9, ni par \u00e2ge, ni par sp\u00e9cialisation, faciles \u00e0 r\u00e9sorber.<\/span> <span class=\"\" title=\"\">En outre, les membres int\u00e9rimaires sont principalement des femmes, m\u00e8res de famille, avec le probl\u00e8me suppl\u00e9mentaire que cela implique.<\/span><\/span><\/p>","protected":false},"excerpt":{"rendered":"<p>Que justice soit rendue \u00e0 ceux qui ont d\u00e9velopp\u00e9 des ann\u00e9es de service et qui sont maintenant licenci\u00e9s, sans indemnit\u00e9 minimale, sans possibilit\u00e9, ni par \u00e2ge, ni par sp\u00e9cialisation, faciles &hellip;<\/p>\n","protected":false},"author":1,"featured_media":0,"parent":0,"menu_order":0,"comment_status":"closed","ping_status":"closed","template":"","meta":{"footnotes":""},"class_list":["post-25","page","type-page","status-publish","hentry"],"jetpack_sharing_enabled":true,"jetpack_likes_enabled":true,"_links":{"self":[{"href":"https:\/\/publicworkers.net\/fr\/wp-json\/wp\/v2\/pages\/25","targetHints":{"allow":["GET"]}}],"collection":[{"href":"https:\/\/publicworkers.net\/fr\/wp-json\/wp\/v2\/pages"}],"about":[{"href":"https:\/\/publicworkers.net\/fr\/wp-json\/wp\/v2\/types\/page"}],"author":[{"embeddable":true,"href":"https:\/\/publicworkers.net\/fr\/wp-json\/wp\/v2\/users\/1"}],"replies":[{"embeddable":true,"href":"https:\/\/publicworkers.net\/fr\/wp-json\/wp\/v2\/comments?post=25"}],"version-history":[{"count":6,"href":"https:\/\/publicworkers.net\/fr\/wp-json\/wp\/v2\/pages\/25\/revisions"}],"predecessor-version":[{"id":214,"href":"https:\/\/publicworkers.net\/fr\/wp-json\/wp\/v2\/pages\/25\/revisions\/214"}],"wp:attachment":[{"href":"https:\/\/publicworkers.net\/fr\/wp-json\/wp\/v2\/media?parent=25"}],"curies":[{"name":"wp","href":"https:\/\/api.w.org\/{rel}","templated":true}]}}