{"id":29,"date":"2019-11-01T12:27:41","date_gmt":"2019-11-01T11:27:41","guid":{"rendered":"https:\/\/publicworkers.net\/?page_id=29"},"modified":"2020-04-21T11:37:26","modified_gmt":"2020-04-21T09:37:26","slug":"p4","status":"publish","type":"page","link":"https:\/\/publicworkers.net\/fr\/p4\/","title":{"rendered":"Comment pouvez-vous nous aider"},"content":{"rendered":"<p>C\u2019est le combat de tous, rejoignez la liste qui d\u00e9nonce votre situation. Parlez \u00e0 votre avocat, si vous en avez un, publiez votre probl\u00e8me et collaborez \u00e0 des activit\u00e9s avec d&rsquo;autres int\u00e9rimaires pour gagner en visibilit\u00e9. Ne le laissez pas pour demain, car vous ne serez pas \u00e0 l&rsquo;heure.<\/p>","protected":false},"excerpt":{"rendered":"<p>C\u2019est le combat de tous, rejoignez la liste qui d\u00e9nonce votre situation. Parlez \u00e0 votre avocat, si vous en avez un, publiez votre probl\u00e8me et collaborez \u00e0 des activit\u00e9s avec &hellip;<\/p>\n","protected":false},"author":1,"featured_media":0,"parent":0,"menu_order":0,"comment_status":"closed","ping_status":"closed","template":"","meta":{"footnotes":""},"class_list":["post-29","page","type-page","status-publish","hentry"],"jetpack_sharing_enabled":true,"jetpack_likes_enabled":true,"_links":{"self":[{"href":"https:\/\/publicworkers.net\/fr\/wp-json\/wp\/v2\/pages\/29","targetHints":{"allow":["GET"]}}],"collection":[{"href":"https:\/\/publicworkers.net\/fr\/wp-json\/wp\/v2\/pages"}],"about":[{"href":"https:\/\/publicworkers.net\/fr\/wp-json\/wp\/v2\/types\/page"}],"author":[{"embeddable":true,"href":"https:\/\/publicworkers.net\/fr\/wp-json\/wp\/v2\/users\/1"}],"replies":[{"embeddable":true,"href":"https:\/\/publicworkers.net\/fr\/wp-json\/wp\/v2\/comments?post=29"}],"version-history":[{"count":4,"href":"https:\/\/publicworkers.net\/fr\/wp-json\/wp\/v2\/pages\/29\/revisions"}],"predecessor-version":[{"id":213,"href":"https:\/\/publicworkers.net\/fr\/wp-json\/wp\/v2\/pages\/29\/revisions\/213"}],"wp:attachment":[{"href":"https:\/\/publicworkers.net\/fr\/wp-json\/wp\/v2\/media?parent=29"}],"curies":[{"name":"wp","href":"https:\/\/api.w.org\/{rel}","templated":true}]}}